{"id":1051,"date":"2021-02-02T17:04:28","date_gmt":"2021-02-02T17:04:28","guid":{"rendered":"http:\/\/responsmedia.no\/?post_type=product&#038;p=1051"},"modified":"2023-02-06T14:23:18","modified_gmt":"2023-02-06T14:23:18","slug":"benq-mh733","status":"publish","type":"product","link":"https:\/\/responsmedia.no\/index.php\/product\/benq-mh733\/","title":{"rendered":"BENQ MH733"},"content":{"rendered":"<p><b>Full HD-projektor med h\u00f8y lysstyrke p\u00e5 4000 lumen for m\u00f8terom<\/b><br \/>\nBenQ MH733 leverer lyse bilder og fleksibilitet i form av USB og tr\u00e5dl\u00f8s tilkobling, noe som gir st\u00f8rre fleksibilitet og produktivitet i forbindelse med presentasjoner og m\u00f8ter p\u00e5 forskjellige steder. MH733 holder det totale eierkostnadene nede tekket v\u00e6re lave vedlikeholdsbehov, LAN-tilkobling, st\u00f8tte for markedsledende l\u00f8sninger for skjermnettverksbaserte kontrollsystemer og lang levetid for lampen.<\/p>\n<p><b>Utmerket bildekvalitet<br \/>\nLevende og klare bilder i mellomstore m\u00f8terom med mye lys<br \/>\nEn lysstyrke p\u00e5 4 000 lumen gj\u00f8r det mulig \u00e5 levere mer behagelige presentasjoner med lyset tent, og dermed fremme diskusjoner, samarbeid og notering i st\u00f8rre m\u00f8terom beregnet for omtrent 40 deltakere. Den h\u00f8y lysstyrken forbedrer bildekvaliteten med mer levende farger og sikrer at teksten p\u00e5 lerretet kan leses av de som sitter lengst bak i rommet.<\/b><\/p>\n<ul class=\"ul-stripped\">\n<li class=\"row sm-gutters\">\n<div class=\"col-6\">Anbefalt bruk<\/div>\n<div class=\"col-6\">Presentasjon og multimedier<\/div>\n<\/li>\n<li class=\"row sm-gutters\">\n<div class=\"col-6\">B\u00e6rbar<\/div>\n<div class=\"col-6\">Portabel<\/div>\n<\/li>\n<li class=\"row sm-gutters\">\n<div class=\"col-6\">Oppl\u00f8sning<\/div>\n<div class=\"col-6\">Full HD<\/div>\n<\/li>\n<li class=\"row sm-gutters\">\n<div class=\"col-6\">Sideforhold<\/div>\n<div class=\"col-6\">16:9<\/div>\n<\/li>\n<li class=\"row sm-gutters\">\n<div class=\"col-6\">Bildelyshet<\/div>\n<div class=\"col-6\">4000 ANSI-lumen<\/div>\n<\/li>\n<li class=\"row sm-gutters\">\n<div class=\"col-6\">Grensesnitt<\/div>\n<div class=\"col-6\">VGA, HDMI<\/div>\n<\/li>\n<li class=\"row sm-gutters\">\n<div class=\"col-6\">Loddrett trapeskorreksjon<\/div>\n<div class=\"col-6\">-30 \/ +30<\/div>\n<\/li>\n<li class=\"row sm-gutters\">\n<div class=\"col-6\">Bildeteknik<\/div>\n<div class=\"col-6\">DLP-projektor<\/div>\n<\/li>\n<\/ul>\n","protected":false},"excerpt":{"rendered":"<p>Full HD-projektor med h\u00f8y lysstyrke p\u00e5 4000 lumen for m\u00f8terom BenQ MH733 leverer lyse bilder og fleksibilitet i form av USB og tr\u00e5dl\u00f8s tilkobling, noe som gir st\u00f8rre fleksibilitet og produktivitet i forbindelse med presentasjoner og m\u00f8ter p\u00e5 forskjellige steder. MH733 holder det totale eierkostnadene nede tekket v\u00e6re lave vedlikeholdsbehov, LAN-tilkobling, st\u00f8tte for markedsledende l\u00f8sninger [&hellip;]<\/p>\n","protected":false},"featured_media":1052,"template":"","meta":{"site-sidebar-layout":"default","site-content-layout":"default","ast-site-content-layout":"default","site-content-style":"default","site-sidebar-style":"default","ast-global-header-display":"","ast-banner-title-visibility":"","ast-main-header-display":"","ast-hfb-above-header-display":"","ast-hfb-below-header-display":"","ast-hfb-mobile-header-display":"","site-post-title":"","ast-breadcrumbs-content":"","ast-featured-img":"","footer-sml-layout":"","ast-disable-related-posts":"","theme-transparent-header-meta":"default","adv-header-id-meta":"","stick-header-meta":"","header-above-stick-meta":"","header-main-stick-meta":"","header-below-stick-meta":"","astra-migrate-meta-layouts":"default","ast-page-background-enabled":"default","ast-page-background-meta":{"desktop":{"background-color":"","background-image":"","background-repeat":"repeat","background-position":"center center","background-size":"auto","background-attachment":"scroll","background-type":"","background-media":"","overlay-type":"","overlay-color":"","overlay-opacity":"","overlay-gradient":""},"tablet":{"background-color":"","background-image":"","background-repeat":"repeat","background-position":"center center","background-size":"auto","background-attachment":"scroll","background-type":"","background-media":"","overlay-type":"","overlay-color":"","overlay-opacity":"","overlay-gradient":""},"mobile":{"background-color":"","background-image":"","background-repeat":"repeat","background-position":"center center","background-size":"auto","background-attachment":"scroll","background-type":"","background-media":"","overlay-type":"","overlay-color":"","overlay-opacity":"","overlay-gradient":""}},"ast-content-background-meta":{"desktop":{"background-color":"var(--ast-global-color-5)","background-image":"","background-repeat":"repeat","background-position":"center center","background-size":"auto","background-attachment":"scroll","background-type":"","background-media":"","overlay-type":"","overlay-color":"","overlay-opacity":"","overlay-gradient":""},"tablet":{"background-color":"var(--ast-global-color-5)","background-image":"","background-repeat":"repeat","background-position":"center center","background-size":"auto","background-attachment":"scroll","background-type":"","background-media":"","overlay-type":"","overlay-color":"","overlay-opacity":"","overlay-gradient":""},"mobile":{"background-color":"var(--ast-global-color-5)","background-image":"","background-repeat":"repeat","background-position":"center center","background-size":"auto","background-attachment":"scroll","background-type":"","background-media":"","overlay-type":"","overlay-color":"","overlay-opacity":"","overlay-gradient":""}}},"product_brand":[],"product_cat":[54],"product_tag":[],"class_list":{"0":"post-1051","1":"product","2":"type-product","3":"status-publish","4":"has-post-thumbnail","6":"product_cat-benq-projektor","7":"desktop-align-left","8":"tablet-align-left","9":"mobile-align-left","11":"first","12":"instock","13":"taxable","14":"shipping-taxable","15":"product-type-simple"},"_links":{"self":[{"href":"https:\/\/responsmedia.no\/index.php\/wp-json\/wp\/v2\/product\/1051","targetHints":{"allow":["GET"]}}],"collection":[{"href":"https:\/\/responsmedia.no\/index.php\/wp-json\/wp\/v2\/product"}],"about":[{"href":"https:\/\/responsmedia.no\/index.php\/wp-json\/wp\/v2\/types\/product"}],"wp:featuredmedia":[{"embeddable":true,"href":"https:\/\/responsmedia.no\/index.php\/wp-json\/wp\/v2\/media\/1052"}],"wp:attachment":[{"href":"https:\/\/responsmedia.no\/index.php\/wp-json\/wp\/v2\/media?parent=1051"}],"wp:term":[{"taxonomy":"product_brand","embeddable":true,"href":"https:\/\/responsmedia.no\/index.php\/wp-json\/wp\/v2\/product_brand?post=1051"},{"taxonomy":"product_cat","embeddable":true,"href":"https:\/\/responsmedia.no\/index.php\/wp-json\/wp\/v2\/product_cat?post=1051"},{"taxonomy":"product_tag","embeddable":true,"href":"https:\/\/responsmedia.no\/index.php\/wp-json\/wp\/v2\/product_tag?post=1051"}],"curies":[{"name":"wp","href":"https:\/\/api.w.org\/{rel}","templated":true}]}}