{"id":1084,"date":"2021-02-02T17:30:55","date_gmt":"2021-02-02T17:30:55","guid":{"rendered":"http:\/\/responsmedia.no\/?post_type=product&#038;p=1084"},"modified":"2023-03-15T08:59:04","modified_gmt":"2023-03-15T08:59:04","slug":"logitech-rally-webcam-bolide-in-house-ems-emea-black-business-usb-eu","status":"publish","type":"product","link":"https:\/\/responsmedia.no\/index.php\/product\/logitech-rally-webcam-bolide-in-house-ems-emea-black-business-usb-eu\/","title":{"rendered":"LOGITECH RALLY WEBCAM &#8211; BOLIDE &#8211; IN-HOUSE\/EMS &#8211; EMEA &#8211; BLACK &#8211; BUSINESS &#8211; USB &#8211; EU"},"content":{"rendered":"<h2>Logitech\u00a0RALLY<\/h2>\n<p><span class=\"ingress\">Et f\u00f8rsteklasses konferansekamerasystem med ultra-HD og automatisk kamerakontroll<\/span><\/p>\n<ul class=\"top-features \">\n<li class=\"top-feature\">RightSense<sup>\u2122<\/sup>-teknologi automatiserer kameraet og gir deg en bedre brukeropplevelse<\/li>\n<li class=\"top-feature\">Modul\u00e6r lyd for full dekning av mellomstore til sv\u00e6rt store rom<\/li>\n<li class=\"top-feature\">F\u00f8rsteklasses komponenter og elegant industriell design<\/li>\n<\/ul>\n","protected":false},"excerpt":{"rendered":"<p>Logitech\u00a0RALLY Et f\u00f8rsteklasses konferansekamerasystem med ultra-HD og automatisk kamerakontroll RightSense\u2122-teknologi automatiserer kameraet og gir deg en bedre brukeropplevelse Modul\u00e6r lyd for full dekning av mellomstore til sv\u00e6rt store rom F\u00f8rsteklasses komponenter og elegant industriell design<\/p>\n","protected":false},"featured_media":1085,"template":"","meta":{"site-sidebar-layout":"default","site-content-layout":"default","ast-site-content-layout":"default","site-content-style":"default","site-sidebar-style":"default","ast-global-header-display":"","ast-banner-title-visibility":"","ast-main-header-display":"","ast-hfb-above-header-display":"","ast-hfb-below-header-display":"","ast-hfb-mobile-header-display":"","site-post-title":"","ast-breadcrumbs-content":"","ast-featured-img":"","footer-sml-layout":"","ast-disable-related-posts":"","theme-transparent-header-meta":"default","adv-header-id-meta":"","stick-header-meta":"","header-above-stick-meta":"","header-main-stick-meta":"","header-below-stick-meta":"","astra-migrate-meta-layouts":"default","ast-page-background-enabled":"default","ast-page-background-meta":{"desktop":{"background-color":"","background-image":"","background-repeat":"repeat","background-position":"center center","background-size":"auto","background-attachment":"scroll","background-type":"","background-media":"","overlay-type":"","overlay-color":"","overlay-opacity":"","overlay-gradient":""},"tablet":{"background-color":"","background-image":"","background-repeat":"repeat","background-position":"center center","background-size":"auto","background-attachment":"scroll","background-type":"","background-media":"","overlay-type":"","overlay-color":"","overlay-opacity":"","overlay-gradient":""},"mobile":{"background-color":"","background-image":"","background-repeat":"repeat","background-position":"center center","background-size":"auto","background-attachment":"scroll","background-type":"","background-media":"","overlay-type":"","overlay-color":"","overlay-opacity":"","overlay-gradient":""}},"ast-content-background-meta":{"desktop":{"background-color":"var(--ast-global-color-5)","background-image":"","background-repeat":"repeat","background-position":"center center","background-size":"auto","background-attachment":"scroll","background-type":"","background-media":"","overlay-type":"","overlay-color":"","overlay-opacity":"","overlay-gradient":""},"tablet":{"background-color":"var(--ast-global-color-5)","background-image":"","background-repeat":"repeat","background-position":"center center","background-size":"auto","background-attachment":"scroll","background-type":"","background-media":"","overlay-type":"","overlay-color":"","overlay-opacity":"","overlay-gradient":""},"mobile":{"background-color":"var(--ast-global-color-5)","background-image":"","background-repeat":"repeat","background-position":"center center","background-size":"auto","background-attachment":"scroll","background-type":"","background-media":"","overlay-type":"","overlay-color":"","overlay-opacity":"","overlay-gradient":""}}},"product_brand":[],"product_cat":[57],"product_tag":[],"class_list":{"0":"post-1084","1":"product","2":"type-product","3":"status-publish","4":"has-post-thumbnail","6":"product_cat-logitech-videokonferanse","7":"desktop-align-left","8":"tablet-align-left","9":"mobile-align-left","11":"first","12":"instock","13":"taxable","14":"shipping-taxable","15":"product-type-simple"},"_links":{"self":[{"href":"https:\/\/responsmedia.no\/index.php\/wp-json\/wp\/v2\/product\/1084","targetHints":{"allow":["GET"]}}],"collection":[{"href":"https:\/\/responsmedia.no\/index.php\/wp-json\/wp\/v2\/product"}],"about":[{"href":"https:\/\/responsmedia.no\/index.php\/wp-json\/wp\/v2\/types\/product"}],"wp:featuredmedia":[{"embeddable":true,"href":"https:\/\/responsmedia.no\/index.php\/wp-json\/wp\/v2\/media\/1085"}],"wp:attachment":[{"href":"https:\/\/responsmedia.no\/index.php\/wp-json\/wp\/v2\/media?parent=1084"}],"wp:term":[{"taxonomy":"product_brand","embeddable":true,"href":"https:\/\/responsmedia.no\/index.php\/wp-json\/wp\/v2\/product_brand?post=1084"},{"taxonomy":"product_cat","embeddable":true,"href":"https:\/\/responsmedia.no\/index.php\/wp-json\/wp\/v2\/product_cat?post=1084"},{"taxonomy":"product_tag","embeddable":true,"href":"https:\/\/responsmedia.no\/index.php\/wp-json\/wp\/v2\/product_tag?post=1084"}],"curies":[{"name":"wp","href":"https:\/\/api.w.org\/{rel}","templated":true}]}}