{"id":2332,"date":"2023-05-31T08:56:01","date_gmt":"2023-05-31T08:56:01","guid":{"rendered":"https:\/\/responsmedia.no\/?post_type=product&#038;p=2332"},"modified":"2023-05-31T10:12:24","modified_gmt":"2023-05-31T10:12:24","slug":"interaktiv-skjerm-riva-55-led-uhd-32p","status":"publish","type":"product","link":"https:\/\/responsmedia.no\/index.php\/product\/interaktiv-skjerm-riva-55-led-uhd-32p\/","title":{"rendered":"Interaktiv skjerm Riva 55&#8243; LED UHD 32p"},"content":{"rendered":"<p>Mest skjerm for pengene \u2013 meget brukervennlige touchskjermer.<\/p>\n<div id=\"tab-description\" class=\"tab-pane active\">\n<p>Skjermene passer spesielt godt til skoler hvor man \u00f8nsker \u00e5 basere undervisningen p\u00e5 en\u00a0tilkoblet Windows-PC, Mac eller Chromebook \/ -box, og benytter forlagsressurser, Office 365, G Suite og liknende.<\/p>\n<p>CTOUCH Riva kommer med\u00a0f\u00f8lgende st\u00f8rrelser og oppl\u00f8sning:<\/p>\n<p><strong>55\u2033 4K \/\u00a065\u2033 4K \/ 75\u2033 4K \/\u00a086\u2033 4K\u00a0<\/strong><\/p>\n<p>Du kan trygt\u00a0satse p\u00e5 CTOUCH Riva til alle typer rom, enten det er klasserom, grupperom eller m\u00f8terom.<\/p>\n<p>Skjermene leveres med\u00a0<strong>integrert 80W lydsystem fra JBL<\/strong>. H\u00f8yttalerne\u00a0er spesialdesignet for skjermen og gir markedets beste lyd \u2013 du har\u00a0mer enn nok lyd til b\u00e5de film og musikk i et stort klasserom.\u00a0\u00c5 ha alt integrert i skjermen f\u00f8rer til en mer robust l\u00f8sning med mindre rom for feil, for eksempel at noen \u201cl\u00e5ner\u201d lydkabelen til h\u00f8yttalerne.<\/p>\n<p>N\u00e5r flere og flere norske skoler velger CTOUCH, fremhever de ofte bilde-og lydkvalitet, robuste l\u00f8sninger, konkurransedyktige priser og sv\u00e6rt god garanti.<\/p>\n<p>&nbsp;<\/p>\n<\/div>\n<table class=\"table table-striped\">\n<tbody>\n<tr>\n<td>Produktets nettovekt<\/td>\n<td>38.0 Kg<\/td>\n<\/tr>\n<tr>\n<td>RS232<\/td>\n<td>Ja<\/td>\n<\/tr>\n<tr>\n<td>St\u00f8rrelse i tommer<\/td>\n<td>55<\/td>\n<\/tr>\n<tr>\n<td>Oppl\u00f8sning<\/td>\n<td>3840&#215;2160(4K)<\/td>\n<\/tr>\n<tr>\n<td>Lysstyrke i cd\/m2<\/td>\n<td>400 cd\/m2<\/td>\n<\/tr>\n<tr>\n<td>Montering<\/td>\n<td>Veggfeste , heis , mobilt<\/td>\n<\/tr>\n<tr>\n<td>Produsentens varenummer<\/td>\n<td>10052455<\/td>\n<\/tr>\n<tr>\n<td>Produktserie<\/td>\n<td>Riva<\/td>\n<\/tr>\n<tr>\n<td>Farge<\/td>\n<td>Sort<\/td>\n<\/tr>\n<\/tbody>\n<\/table>\n","protected":false},"excerpt":{"rendered":"<p>Mest skjerm for pengene \u2013 meget brukervennlige touchskjermer. Skjermene passer spesielt godt til skoler hvor man \u00f8nsker \u00e5 basere undervisningen p\u00e5 en\u00a0tilkoblet Windows-PC, Mac eller Chromebook \/ -box, og benytter forlagsressurser, Office 365, G Suite og liknende. CTOUCH Riva kommer med\u00a0f\u00f8lgende st\u00f8rrelser og oppl\u00f8sning: 55\u2033 4K \/\u00a065\u2033 4K \/ 75\u2033 4K \/\u00a086\u2033 4K\u00a0 Du kan [&hellip;]<\/p>\n","protected":false},"featured_media":2335,"template":"","meta":{"site-sidebar-layout":"default","site-content-layout":"default","ast-site-content-layout":"default","site-content-style":"default","site-sidebar-style":"default","ast-global-header-display":"","ast-banner-title-visibility":"","ast-main-header-display":"","ast-hfb-above-header-display":"","ast-hfb-below-header-display":"","ast-hfb-mobile-header-display":"","site-post-title":"","ast-breadcrumbs-content":"","ast-featured-img":"","footer-sml-layout":"","ast-disable-related-posts":"","theme-transparent-header-meta":"default","adv-header-id-meta":"","stick-header-meta":"","header-above-stick-meta":"","header-main-stick-meta":"","header-below-stick-meta":"","astra-migrate-meta-layouts":"default","ast-page-background-enabled":"default","ast-page-background-meta":{"desktop":{"background-color":"","background-image":"","background-repeat":"repeat","background-position":"center center","background-size":"auto","background-attachment":"scroll","background-type":"","background-media":"","overlay-type":"","overlay-color":"","overlay-opacity":"","overlay-gradient":""},"tablet":{"background-color":"","background-image":"","background-repeat":"repeat","background-position":"center center","background-size":"auto","background-attachment":"scroll","background-type":"","background-media":"","overlay-type":"","overlay-color":"","overlay-opacity":"","overlay-gradient":""},"mobile":{"background-color":"","background-image":"","background-repeat":"repeat","background-position":"center center","background-size":"auto","background-attachment":"scroll","background-type":"","background-media":"","overlay-type":"","overlay-color":"","overlay-opacity":"","overlay-gradient":""}},"ast-content-background-meta":{"desktop":{"background-color":"var(--ast-global-color-5)","background-image":"","background-repeat":"repeat","background-position":"center center","background-size":"auto","background-attachment":"scroll","background-type":"","background-media":"","overlay-type":"","overlay-color":"","overlay-opacity":"","overlay-gradient":""},"tablet":{"background-color":"var(--ast-global-color-5)","background-image":"","background-repeat":"repeat","background-position":"center center","background-size":"auto","background-attachment":"scroll","background-type":"","background-media":"","overlay-type":"","overlay-color":"","overlay-opacity":"","overlay-gradient":""},"mobile":{"background-color":"var(--ast-global-color-5)","background-image":"","background-repeat":"repeat","background-position":"center center","background-size":"auto","background-attachment":"scroll","background-type":"","background-media":"","overlay-type":"","overlay-color":"","overlay-opacity":"","overlay-gradient":""}}},"product_brand":[],"product_cat":[90],"product_tag":[],"class_list":{"0":"post-2332","1":"product","2":"type-product","3":"status-publish","4":"has-post-thumbnail","6":"product_cat-ctouch-interaktiv","7":"desktop-align-left","8":"tablet-align-left","9":"mobile-align-left","11":"first","12":"instock","13":"taxable","14":"shipping-taxable","15":"product-type-simple"},"_links":{"self":[{"href":"https:\/\/responsmedia.no\/index.php\/wp-json\/wp\/v2\/product\/2332","targetHints":{"allow":["GET"]}}],"collection":[{"href":"https:\/\/responsmedia.no\/index.php\/wp-json\/wp\/v2\/product"}],"about":[{"href":"https:\/\/responsmedia.no\/index.php\/wp-json\/wp\/v2\/types\/product"}],"wp:featuredmedia":[{"embeddable":true,"href":"https:\/\/responsmedia.no\/index.php\/wp-json\/wp\/v2\/media\/2335"}],"wp:attachment":[{"href":"https:\/\/responsmedia.no\/index.php\/wp-json\/wp\/v2\/media?parent=2332"}],"wp:term":[{"taxonomy":"product_brand","embeddable":true,"href":"https:\/\/responsmedia.no\/index.php\/wp-json\/wp\/v2\/product_brand?post=2332"},{"taxonomy":"product_cat","embeddable":true,"href":"https:\/\/responsmedia.no\/index.php\/wp-json\/wp\/v2\/product_cat?post=2332"},{"taxonomy":"product_tag","embeddable":true,"href":"https:\/\/responsmedia.no\/index.php\/wp-json\/wp\/v2\/product_tag?post=2332"}],"curies":[{"name":"wp","href":"https:\/\/api.w.org\/{rel}","templated":true}]}}