{"id":2730,"date":"2025-11-15T15:44:54","date_gmt":"2025-11-15T15:44:54","guid":{"rendered":"https:\/\/responsmedia.no\/?post_type=product&#038;p=2730"},"modified":"2025-11-15T16:26:24","modified_gmt":"2025-11-15T16:26:24","slug":"cisco-webex-room-bar-med-touchscreen","status":"publish","type":"product","link":"https:\/\/responsmedia.no\/index.php\/product\/cisco-webex-room-bar-med-touchscreen\/","title":{"rendered":"Cisco Webex Room bar med touchscreen"},"content":{"rendered":"<h2 data-start=\"180\" data-end=\"255\">Cisco Webex Room Bar \u2013 med st\u00f8tte for Teams, Google Meet med touch-skjerm<\/h2>\n<p data-start=\"257\" data-end=\"579\">Cisco Webex Room Bar er en kompakt, kraftfull og fleksibel videobar utviklet for moderne m\u00f8terom. Den leverer f\u00f8rsteklasses video- og lydopplevelse og kan kombineres med en interaktiv touch-skjerm for avansert samarbeid, whiteboarding og digital annotering. L\u00f8sningen er ideell for sm\u00e5 m\u00f8terom, huddle-rom og fokusomr\u00e5der.<\/p>\n<h3 data-start=\"581\" data-end=\"601\">N\u00f8kkelfunksjoner<\/h3>\n<h4 data-start=\"603\" data-end=\"672\"><strong data-start=\"608\" data-end=\"672\">Flerplattform-st\u00f8tte \u2013 Webex, Microsoft Teams og Google Meet og andre.<\/strong><\/h4>\n<p data-start=\"673\" data-end=\"721\">Room Bar skiller seg ut med sin fleksibilitet:<\/p>\n<ul data-start=\"722\" data-end=\"938\">\n<li data-start=\"722\" data-end=\"770\">\n<p data-start=\"724\" data-end=\"770\">Kan settes opp som <strong data-start=\"743\" data-end=\"768\">Microsoft Teams Rooms og Google Meet<\/strong><\/p>\n<\/li>\n<li data-start=\"818\" data-end=\"861\">\n<p data-start=\"820\" data-end=\"861\">St\u00f8tter <strong data-start=\"828\" data-end=\"837\">Webex<\/strong> som standard (RoomOS)<\/p>\n<\/li>\n<li data-start=\"862\" data-end=\"938\">\n<p data-start=\"864\" data-end=\"938\">BYOD-st\u00f8tte gj\u00f8r det mulig \u00e5 bruke <em data-start=\"899\" data-end=\"921\">enhver m\u00f8teplattform<\/em> via PC med USB-C<\/p>\n<\/li>\n<\/ul>\n<p data-start=\"940\" data-end=\"1017\">Dette gir full frihet \u2013 uansett hvilken m\u00f8teplattform<\/p>\n<hr data-start=\"1019\" data-end=\"1022\" \/>\n<h3 data-start=\"1024\" data-end=\"1064\"><strong data-start=\"1028\" data-end=\"1064\">Avansert kamera og AI-funksjoner<\/strong><\/h3>\n<ul data-start=\"1065\" data-end=\"1233\">\n<li data-start=\"1065\" data-end=\"1099\">\n<p data-start=\"1067\" data-end=\"1099\">12 MP kamera med 120\u00b0 synsfelt<\/p>\n<\/li>\n<li data-start=\"1100\" data-end=\"1138\">\n<p data-start=\"1102\" data-end=\"1138\">Automatisk innramming av deltakere<\/p>\n<\/li>\n<li data-start=\"1139\" data-end=\"1189\">\n<p data-start=\"1141\" data-end=\"1189\">Taler-sporing og intelligente kamerabevegelser<\/p>\n<\/li>\n<li data-start=\"1190\" data-end=\"1233\">\n<p data-start=\"1192\" data-end=\"1233\">Optimalisert for sm\u00e5 og mellomstore rom<\/p>\n<\/li>\n<\/ul>\n<hr data-start=\"1235\" data-end=\"1238\" \/>\n<h3 data-start=\"1240\" data-end=\"1272\"><strong data-start=\"1244\" data-end=\"1272\">Profesjonell lydkvalitet<\/strong><\/h3>\n<ul data-start=\"1273\" data-end=\"1427\">\n<li data-start=\"1273\" data-end=\"1328\">\n<p data-start=\"1275\" data-end=\"1328\">Integrert mikrofonarray med AI-basert st\u00f8yreduksjon<\/p>\n<\/li>\n<li data-start=\"1329\" data-end=\"1370\">\n<p data-start=\"1331\" data-end=\"1370\">Stereoh\u00f8yttalere med romtilpasset lyd<\/p>\n<\/li>\n<li data-start=\"1371\" data-end=\"1427\">\n<p data-start=\"1373\" data-end=\"1427\">Bidrar til tydelige m\u00f8ter selv i krevende lydmilj\u00f8er<\/p>\n<\/li>\n<\/ul>\n<hr data-start=\"1429\" data-end=\"1432\" \/>\n<h3 data-start=\"1434\" data-end=\"1466\"><strong data-start=\"1438\" data-end=\"1466\">Touch-skjerm integrasjon<\/strong><\/h3>\n<p data-start=\"1467\" data-end=\"1536\">Cisco Webex Room Bar kan kobles til en interaktiv touch-skjerm for:<\/p>\n<ul data-start=\"1537\" data-end=\"1676\">\n<li data-start=\"1537\" data-end=\"1562\">\n<p data-start=\"1539\" data-end=\"1562\">Digital whiteboarding<\/p>\n<\/li>\n<li data-start=\"1563\" data-end=\"1603\">\n<p data-start=\"1565\" data-end=\"1603\">Annotering direkte p\u00e5 presentasjoner<\/p>\n<\/li>\n<li data-start=\"1604\" data-end=\"1638\">\n<p data-start=\"1606\" data-end=\"1638\">Tegning og samarbeid i sanntid<\/p>\n<\/li>\n<li data-start=\"1639\" data-end=\"1676\">\n<p data-start=\"1641\" data-end=\"1676\">Mer engasjerende m\u00f8ter og workshops<\/p>\n<\/li>\n<\/ul>\n<p data-start=\"1678\" data-end=\"1781\">Dette gir funksjonalitet tilsvarende Cisco\u2019s Board-serie, men i en mer fleksibel \u201cmodulbasert\u201d l\u00f8sning.<\/p>\n<hr data-start=\"1783\" data-end=\"1786\" \/>\n<h3 data-start=\"1788\" data-end=\"1816\"><strong data-start=\"1792\" data-end=\"1816\">Fleksibel tilkobling<\/strong><\/h3>\n<ul data-start=\"1817\" data-end=\"1978\">\n<li data-start=\"1817\" data-end=\"1862\">\n<p data-start=\"1819\" data-end=\"1862\">2\u00d7 HDMI-utganger for \u00e9n eller to skjermer<\/p>\n<\/li>\n<li data-start=\"1863\" data-end=\"1906\">\n<p data-start=\"1865\" data-end=\"1906\">USB-C for BYOD (Teams, Meet, Zoom osv.)<\/p>\n<\/li>\n<li data-start=\"1907\" data-end=\"1937\">\n<p data-start=\"1909\" data-end=\"1937\">USB-A for touch-tilkobling<\/p>\n<\/li>\n<li data-start=\"1938\" data-end=\"1978\">\n<p data-start=\"1940\" data-end=\"1978\">Tr\u00e5dl\u00f8s deling via Miracast og Webex<\/p>\n<\/li>\n<\/ul>\n<hr data-start=\"1980\" data-end=\"1983\" \/>\n<h3 data-start=\"1985\" data-end=\"2011\"><strong data-start=\"1989\" data-end=\"2011\">Smart romteknologi<\/strong><\/h3>\n<ul data-start=\"2012\" data-end=\"2172\">\n<li data-start=\"2012\" data-end=\"2068\">\n<p data-start=\"2014\" data-end=\"2068\">Tilstedev\u00e6relsessensor som vekker enheten automatisk<\/p>\n<\/li>\n<li data-start=\"2069\" data-end=\"2131\">\n<p data-start=\"2071\" data-end=\"2131\">Person-telling og romdata for innsikt og romoptimalisering<\/p>\n<\/li>\n<li data-start=\"2132\" data-end=\"2172\">\n<p data-start=\"2134\" data-end=\"2172\">Administrasjon via Cisco Control Hub<\/p>\n<\/li>\n<\/ul>\n<hr data-start=\"2174\" data-end=\"2177\" \/>\n<h3 data-start=\"2179\" data-end=\"2212\"><strong data-start=\"2183\" data-end=\"2212\">Fordeler for virksomheten<\/strong><\/h3>\n<ul data-start=\"2213\" data-end=\"2543\">\n<li data-start=\"2213\" data-end=\"2293\">\n<p data-start=\"2215\" data-end=\"2293\"><strong data-start=\"2215\" data-end=\"2254\">Fungerer med alle m\u00f8teromsl\u00f8sninger<\/strong> \u2013 Teams, Webex, Google Meet og flere<\/p>\n<\/li>\n<li data-start=\"2294\" data-end=\"2350\">\n<p data-start=\"2296\" data-end=\"2350\"><strong data-start=\"2296\" data-end=\"2323\">Forenkler m\u00f8tehverdagen<\/strong> med \u00e9n-knapps deltakelse<\/p>\n<\/li>\n<li data-start=\"2351\" data-end=\"2417\">\n<p data-start=\"2353\" data-end=\"2417\"><strong data-start=\"2353\" data-end=\"2376\">Gir bedre samarbeid<\/strong> gjennom touch og digital whiteboarding<\/p>\n<\/li>\n<li data-start=\"2418\" data-end=\"2482\">\n<p data-start=\"2420\" data-end=\"2482\"><strong data-start=\"2420\" data-end=\"2446\">Stabil og driftssikker<\/strong> l\u00f8sning basert p\u00e5 Cisco-teknologi<\/p>\n<\/li>\n<li data-start=\"2483\" data-end=\"2543\">\n<p data-start=\"2485\" data-end=\"2543\"><strong data-start=\"2485\" data-end=\"2502\">Enkelt for IT<\/strong> med sentral administrasjon og oversikt<\/p>\n<\/li>\n<\/ul>\n","protected":false},"excerpt":{"rendered":"<p>Cisco Webex Room Bar \u2013 med st\u00f8tte for Teams, Google Meet med touch-skjerm Cisco Webex Room Bar er en kompakt, kraftfull og fleksibel videobar utviklet for moderne m\u00f8terom. Den leverer f\u00f8rsteklasses video- og lydopplevelse og kan kombineres med en interaktiv touch-skjerm for avansert samarbeid, whiteboarding og digital annotering. L\u00f8sningen er ideell for sm\u00e5 m\u00f8terom, huddle-rom [&hellip;]<\/p>\n","protected":false},"featured_media":2749,"template":"","meta":{"site-sidebar-layout":"default","site-content-layout":"","ast-site-content-layout":"default","site-content-style":"default","site-sidebar-style":"default","ast-global-header-display":"","ast-banner-title-visibility":"","ast-main-header-display":"","ast-hfb-above-header-display":"","ast-hfb-below-header-display":"","ast-hfb-mobile-header-display":"","site-post-title":"","ast-breadcrumbs-content":"","ast-featured-img":"","footer-sml-layout":"","ast-disable-related-posts":"","theme-transparent-header-meta":"default","adv-header-id-meta":"","stick-header-meta":"","header-above-stick-meta":"","header-main-stick-meta":"","header-below-stick-meta":"","astra-migrate-meta-layouts":"set","ast-page-background-enabled":"default","ast-page-background-meta":{"desktop":{"background-color":"","background-image":"","background-repeat":"repeat","background-position":"center center","background-size":"auto","background-attachment":"scroll","background-type":"","background-media":"","overlay-type":"","overlay-color":"","overlay-opacity":"","overlay-gradient":""},"tablet":{"background-color":"","background-image":"","background-repeat":"repeat","background-position":"center center","background-size":"auto","background-attachment":"scroll","background-type":"","background-media":"","overlay-type":"","overlay-color":"","overlay-opacity":"","overlay-gradient":""},"mobile":{"background-color":"","background-image":"","background-repeat":"repeat","background-position":"center center","background-size":"auto","background-attachment":"scroll","background-type":"","background-media":"","overlay-type":"","overlay-color":"","overlay-opacity":"","overlay-gradient":""}},"ast-content-background-meta":{"desktop":{"background-color":"var(--ast-global-color-5)","background-image":"","background-repeat":"repeat","background-position":"center center","background-size":"auto","background-attachment":"scroll","background-type":"","background-media":"","overlay-type":"","overlay-color":"","overlay-opacity":"","overlay-gradient":""},"tablet":{"background-color":"var(--ast-global-color-5)","background-image":"","background-repeat":"repeat","background-position":"center center","background-size":"auto","background-attachment":"scroll","background-type":"","background-media":"","overlay-type":"","overlay-color":"","overlay-opacity":"","overlay-gradient":""},"mobile":{"background-color":"var(--ast-global-color-5)","background-image":"","background-repeat":"repeat","background-position":"center center","background-size":"auto","background-attachment":"scroll","background-type":"","background-media":"","overlay-type":"","overlay-color":"","overlay-opacity":"","overlay-gradient":""}}},"product_brand":[],"product_cat":[98],"product_tag":[],"class_list":{"0":"post-2730","1":"product","2":"type-product","3":"status-publish","4":"has-post-thumbnail","6":"product_cat-cisco","7":"desktop-align-left","8":"tablet-align-left","9":"mobile-align-left","11":"first","12":"instock","13":"taxable","14":"shipping-taxable","15":"product-type-simple"},"_links":{"self":[{"href":"https:\/\/responsmedia.no\/index.php\/wp-json\/wp\/v2\/product\/2730","targetHints":{"allow":["GET"]}}],"collection":[{"href":"https:\/\/responsmedia.no\/index.php\/wp-json\/wp\/v2\/product"}],"about":[{"href":"https:\/\/responsmedia.no\/index.php\/wp-json\/wp\/v2\/types\/product"}],"wp:featuredmedia":[{"embeddable":true,"href":"https:\/\/responsmedia.no\/index.php\/wp-json\/wp\/v2\/media\/2749"}],"wp:attachment":[{"href":"https:\/\/responsmedia.no\/index.php\/wp-json\/wp\/v2\/media?parent=2730"}],"wp:term":[{"taxonomy":"product_brand","embeddable":true,"href":"https:\/\/responsmedia.no\/index.php\/wp-json\/wp\/v2\/product_brand?post=2730"},{"taxonomy":"product_cat","embeddable":true,"href":"https:\/\/responsmedia.no\/index.php\/wp-json\/wp\/v2\/product_cat?post=2730"},{"taxonomy":"product_tag","embeddable":true,"href":"https:\/\/responsmedia.no\/index.php\/wp-json\/wp\/v2\/product_tag?post=2730"}],"curies":[{"name":"wp","href":"https:\/\/api.w.org\/{rel}","templated":true}]}}