{"id":448,"date":"2019-06-26T12:16:28","date_gmt":"2019-06-26T12:16:28","guid":{"rendered":"http:\/\/responsmedia.no\/?post_type=product&#038;p=448"},"modified":"2023-02-02T18:23:39","modified_gmt":"2023-02-02T18:23:39","slug":"sbid-mx286-smart-86-mx-serie-interaktiv-skjerm-med-iq-modul-og-smart-learning-suite-4k-to-penner","status":"publish","type":"product","link":"https:\/\/responsmedia.no\/index.php\/product\/sbid-mx286-smart-86-mx-serie-interaktiv-skjerm-med-iq-modul-og-smart-learning-suite-4k-to-penner\/","title":{"rendered":"SMART 86&raquo; SBID-MX286"},"content":{"rendered":"<h4 class=\"p1\">Bygget for \u00e5 vare med alle de essensielle verkt\u00f8yene en SMART Board interaktiv skjerm skal ha. MX gir skolen alle muligheter til \u00e5 skape engasjerende undervisning med elevene som aktive produsenter i egen l\u00e6ring.<\/h4>\n<p>&nbsp;<\/p>\n<h4 class=\"p1\">Solid og robust design med behagelig skrivef\u00f8lelse, IQ modul integrert, 15 watt h\u00f8yttalere og kommer 65\u201d, 75\u201d og 86\u201d gj\u00f8r den til et fleksibelt alternativ med den fulle SMART Board opplevelsen.<\/h4>\n","protected":false},"excerpt":{"rendered":"<p>Bygget for \u00e5 vare med alle de essensielle verkt\u00f8yene en SMART Board interaktiv skjerm skal ha. MX gir skolen alle muligheter til \u00e5 skape engasjerende undervisning med elevene som aktive produsenter i egen l\u00e6ring. &nbsp; Solid og robust design med behagelig skrivef\u00f8lelse, IQ modul integrert, 15 watt h\u00f8yttalere og kommer 65\u201d, 75\u201d og 86\u201d gj\u00f8r [&hellip;]<\/p>\n","protected":false},"featured_media":492,"template":"","meta":{"site-sidebar-layout":"default","site-content-layout":"default","ast-site-content-layout":"default","site-content-style":"default","site-sidebar-style":"default","ast-global-header-display":"","ast-banner-title-visibility":"","ast-main-header-display":"","ast-hfb-above-header-display":"","ast-hfb-below-header-display":"","ast-hfb-mobile-header-display":"","site-post-title":"","ast-breadcrumbs-content":"","ast-featured-img":"","footer-sml-layout":"","ast-disable-related-posts":"","theme-transparent-header-meta":"default","adv-header-id-meta":"","stick-header-meta":"","header-above-stick-meta":"","header-main-stick-meta":"","header-below-stick-meta":"","astra-migrate-meta-layouts":"default","ast-page-background-enabled":"default","ast-page-background-meta":{"desktop":{"background-color":"","background-image":"","background-repeat":"repeat","background-position":"center center","background-size":"auto","background-attachment":"scroll","background-type":"","background-media":"","overlay-type":"","overlay-color":"","overlay-opacity":"","overlay-gradient":""},"tablet":{"background-color":"","background-image":"","background-repeat":"repeat","background-position":"center center","background-size":"auto","background-attachment":"scroll","background-type":"","background-media":"","overlay-type":"","overlay-color":"","overlay-opacity":"","overlay-gradient":""},"mobile":{"background-color":"","background-image":"","background-repeat":"repeat","background-position":"center center","background-size":"auto","background-attachment":"scroll","background-type":"","background-media":"","overlay-type":"","overlay-color":"","overlay-opacity":"","overlay-gradient":""}},"ast-content-background-meta":{"desktop":{"background-color":"var(--ast-global-color-5)","background-image":"","background-repeat":"repeat","background-position":"center center","background-size":"auto","background-attachment":"scroll","background-type":"","background-media":"","overlay-type":"","overlay-color":"","overlay-opacity":"","overlay-gradient":""},"tablet":{"background-color":"var(--ast-global-color-5)","background-image":"","background-repeat":"repeat","background-position":"center center","background-size":"auto","background-attachment":"scroll","background-type":"","background-media":"","overlay-type":"","overlay-color":"","overlay-opacity":"","overlay-gradient":""},"mobile":{"background-color":"var(--ast-global-color-5)","background-image":"","background-repeat":"repeat","background-position":"center center","background-size":"auto","background-attachment":"scroll","background-type":"","background-media":"","overlay-type":"","overlay-color":"","overlay-opacity":"","overlay-gradient":""}}},"product_brand":[],"product_cat":[22],"product_tag":[28,31,32],"class_list":{"0":"post-448","1":"product","2":"type-product","3":"status-publish","4":"has-post-thumbnail","6":"product_cat-smart-borard","7":"product_tag-sbid-mx286","8":"product_tag-smart","9":"product_tag-smartboard","10":"desktop-align-left","11":"tablet-align-left","12":"mobile-align-left","14":"first","15":"instock","16":"taxable","17":"shipping-taxable","18":"product-type-simple"},"_links":{"self":[{"href":"https:\/\/responsmedia.no\/index.php\/wp-json\/wp\/v2\/product\/448","targetHints":{"allow":["GET"]}}],"collection":[{"href":"https:\/\/responsmedia.no\/index.php\/wp-json\/wp\/v2\/product"}],"about":[{"href":"https:\/\/responsmedia.no\/index.php\/wp-json\/wp\/v2\/types\/product"}],"wp:featuredmedia":[{"embeddable":true,"href":"https:\/\/responsmedia.no\/index.php\/wp-json\/wp\/v2\/media\/492"}],"wp:attachment":[{"href":"https:\/\/responsmedia.no\/index.php\/wp-json\/wp\/v2\/media?parent=448"}],"wp:term":[{"taxonomy":"product_brand","embeddable":true,"href":"https:\/\/responsmedia.no\/index.php\/wp-json\/wp\/v2\/product_brand?post=448"},{"taxonomy":"product_cat","embeddable":true,"href":"https:\/\/responsmedia.no\/index.php\/wp-json\/wp\/v2\/product_cat?post=448"},{"taxonomy":"product_tag","embeddable":true,"href":"https:\/\/responsmedia.no\/index.php\/wp-json\/wp\/v2\/product_tag?post=448"}],"curies":[{"name":"wp","href":"https:\/\/api.w.org\/{rel}","templated":true}]}}